{"id":36,"date":"2019-05-04T14:27:31","date_gmt":"2019-05-04T12:27:31","guid":{"rendered":"https:\/\/new.kolar-projekt.cz\/?page_id=36"},"modified":"2021-05-25T18:45:39","modified_gmt":"2021-05-25T16:45:39","slug":"kontakt","status":"publish","type":"page","link":"https:\/\/www.kolar-projekt.cz\/?page_id=36","title":{"rendered":"Kontakt"},"content":{"rendered":"\n<p>Ing. Petr Kol\u00e1\u0159<br>projektov\u00e1 \u010dinnost ve v\u00fdstavb\u011b<br>Bene\u0161ov u Boskovic 23<br>679 53<\/p>\n\n\n\n<p>kancel\u00e1\u0159:<br>Masarykovo n\u00e1m\u011bst\u00ed 32<br>680 01 Boskovice<br>tel. 603 264 374<br>e-mail:&nbsp;<a href=\"mailto:petr@kolar-projekt.cz\">petr@kolar-projekt.cz<\/a><\/p>\n\n\n\n<p><\/p>\n","protected":false},"excerpt":{"rendered":"<p>Ing. Petr Kol\u00e1\u0159projektov\u00e1 \u010dinnost ve v\u00fdstavb\u011bBene\u0161ov u Boskovic 23679 53 kancel\u00e1\u0159:Masarykovo n\u00e1m\u011bst\u00ed 32680 01 Boskovicetel. 603 264 374e-mail:&nbsp;petr@kolar-projekt.cz<\/p>\n","protected":false},"author":1,"featured_media":0,"parent":0,"menu_order":3,"comment_status":"closed","ping_status":"closed","template":"","meta":{"footnotes":""},"class_list":["post-36","page","type-page","status-publish","hentry"],"_links":{"self":[{"href":"https:\/\/www.kolar-projekt.cz\/index.php?rest_route=\/wp\/v2\/pages\/36","targetHints":{"allow":["GET"]}}],"collection":[{"href":"https:\/\/www.kolar-projekt.cz\/index.php?rest_route=\/wp\/v2\/pages"}],"about":[{"href":"https:\/\/www.kolar-projekt.cz\/index.php?rest_route=\/wp\/v2\/types\/page"}],"author":[{"embeddable":true,"href":"https:\/\/www.kolar-projekt.cz\/index.php?rest_route=\/wp\/v2\/users\/1"}],"replies":[{"embeddable":true,"href":"https:\/\/www.kolar-projekt.cz\/index.php?rest_route=%2Fwp%2Fv2%2Fcomments&post=36"}],"version-history":[{"count":2,"href":"https:\/\/www.kolar-projekt.cz\/index.php?rest_route=\/wp\/v2\/pages\/36\/revisions"}],"predecessor-version":[{"id":189,"href":"https:\/\/www.kolar-projekt.cz\/index.php?rest_route=\/wp\/v2\/pages\/36\/revisions\/189"}],"wp:attachment":[{"href":"https:\/\/www.kolar-projekt.cz\/index.php?rest_route=%2Fwp%2Fv2%2Fmedia&parent=36"}],"curies":[{"name":"wp","href":"https:\/\/api.w.org\/{rel}","templated":true}]}}