{"id":2,"date":"2019-05-02T18:28:19","date_gmt":"2019-05-02T16:28:19","guid":{"rendered":"https:\/\/new.kolar-projekt.cz\/?page_id=2"},"modified":"2021-05-05T20:35:46","modified_gmt":"2021-05-05T18:35:46","slug":"zkusebni-stranka","status":"publish","type":"page","link":"https:\/\/www.kolar-projekt.cz\/","title":{"rendered":"O mn\u011b"},"content":{"rendered":"\n<p>Ji\u017e od roku 2001, od ukon\u010den\u00ed studia na Stavebn\u00ed fakult\u011b Vysok\u00e9ho u\u010den\u00ed technick\u00e9ho v Brn\u011b, se zab\u00fdv\u00e1m projek\u010dn\u00ed a in\u017een\u00fdrskou \u010dinnost\u00ed.<\/p>\n\n\n\n<p>Zpracuji pro V\u00e1s dokumentaci v\u0161ech stup\u0148\u016f &#8211; od studie dle Va\u0161ich po\u017eadavk\u016f,  a\u017e po prov\u00e1d\u011bc\u00ed dokumentaci v\u010detn\u011b zaji\u0161t\u011bn\u00ed vyj\u00e1d\u0159en\u00ed dot\u010den\u00fdch org\u00e1n\u016f a spr\u00e1vc\u016f s\u00edt\u00ed, d\u00e1le pak zastupov\u00e1n\u00ed investor\u016f p\u0159ed stavebn\u00edm \u00fa\u0159adem.<\/p>\n\n\n\n<p>Sna\u017e\u00edm se splnit Va\u0161e p\u0159edstavy a po\u017eadavky na projekt, spole\u010dn\u011b s efektivn\u00edm vynalo\u017een\u00ed finan\u010dn\u00edch prost\u0159edk\u016f a s vyu\u017eit\u00edm aktu\u00e1ln\u00edch technologick\u00fdch z\u00e1sad a zp\u016fsobu prov\u00e1d\u011bn\u00ed, kter\u00e9 jsou podlo\u017eeny realizac\u00ed \u0159ady projekt\u016f. <br><\/p>\n","protected":false},"excerpt":{"rendered":"<p>Ji\u017e od roku 2001, od ukon\u010den\u00ed studia na Stavebn\u00ed fakult\u011b Vysok\u00e9ho u\u010den\u00ed technick\u00e9ho v Brn\u011b, se zab\u00fdv\u00e1m projek\u010dn\u00ed a in\u017een\u00fdrskou \u010dinnost\u00ed. Zpracuji pro V\u00e1s dokumentaci v\u0161ech stup\u0148\u016f &#8211; od studie &#8230;<\/p>\n","protected":false},"author":1,"featured_media":0,"parent":0,"menu_order":0,"comment_status":"closed","ping_status":"open","template":"template-frontpage.php","meta":{"footnotes":""},"class_list":["post-2","page","type-page","status-publish","hentry"],"_links":{"self":[{"href":"https:\/\/www.kolar-projekt.cz\/index.php?rest_route=\/wp\/v2\/pages\/2","targetHints":{"allow":["GET"]}}],"collection":[{"href":"https:\/\/www.kolar-projekt.cz\/index.php?rest_route=\/wp\/v2\/pages"}],"about":[{"href":"https:\/\/www.kolar-projekt.cz\/index.php?rest_route=\/wp\/v2\/types\/page"}],"author":[{"embeddable":true,"href":"https:\/\/www.kolar-projekt.cz\/index.php?rest_route=\/wp\/v2\/users\/1"}],"replies":[{"embeddable":true,"href":"https:\/\/www.kolar-projekt.cz\/index.php?rest_route=%2Fwp%2Fv2%2Fcomments&post=2"}],"version-history":[{"count":5,"href":"https:\/\/www.kolar-projekt.cz\/index.php?rest_route=\/wp\/v2\/pages\/2\/revisions"}],"predecessor-version":[{"id":174,"href":"https:\/\/www.kolar-projekt.cz\/index.php?rest_route=\/wp\/v2\/pages\/2\/revisions\/174"}],"wp:attachment":[{"href":"https:\/\/www.kolar-projekt.cz\/index.php?rest_route=%2Fwp%2Fv2%2Fmedia&parent=2"}],"curies":[{"name":"wp","href":"https:\/\/api.w.org\/{rel}","templated":true}]}}