{"id":11,"date":"2019-05-02T19:09:02","date_gmt":"2019-05-02T17:09:02","guid":{"rendered":"https:\/\/new.kolar-projekt.cz\/?page_id=11"},"modified":"2025-01-21T15:10:47","modified_gmt":"2025-01-21T14:10:47","slug":"nabizim","status":"publish","type":"page","link":"https:\/\/www.kolar-projekt.cz\/?page_id=11","title":{"rendered":"Nab\u00edz\u00edm"},"content":{"rendered":"\n<p>Prov\u00e1d\u00ed\u00adm ve\u0161kerou projek\u010dn\u00ed\u00ad a in\u017een\u00fdrskou \u010dinnost. Zab\u00fdv\u00e1m se tvorbou projektov\u00fdch dokumentac\u00ed pro novostavby a stavebn\u00ed \u00fapravy rodinn\u00fdch a bytov\u00fdch dom\u016f, v\u00fdrobn\u00edch a skladovac\u00edch hal, bytov\u00fdch jader a to ve v\u0161ech f\u00e1z\u00edch projektov\u00fdch prac\u00ed:<\/p>\n\n\n\n<ul class=\"wp-block-list\"><li><strong>Studie stavby<\/strong><\/li><li><strong>Dokumentace pro povolen\u00ed stavby <\/strong><\/li><li><strong>Dokumentace pro prov\u00e1d\u011bn\u00ed stavby<\/strong><\/li><li><strong>Pasport stavby  <\/strong><\/li><li><strong>Dokumentace pro odstran\u011bn\u00ed stavby <\/strong><\/li><\/ul>\n\n\n\n<p>Projektov\u00e9 dokumentace jsou zpracov\u00e1ny v rozsahu <a href=\"https:\/\/www.zakonyprolidi.cz\/cs\/2024-131\">Vyhl\u00e1\u0161ky \u010d. 131\/2024 Sb.<\/a> o dokumentaci staveb. <\/p>\n\n\n\n<p>V r\u00e1mci vytv\u00e1\u0159en\u00ed dokumentace zaji\u0161\u0165uji ve\u0161ker\u00e1 vyj\u00e1d\u0159en\u00ed dot\u010den\u00fdch org\u00e1n\u016f st\u00e1tn\u00ed spr\u00e1vy a spr\u00e1vc\u016f in\u017een\u00fdrsk\u00fdch s\u00edt\u00ed.<\/p>\n\n\n\n<p>Vzhledem k tomu, \u017ee ka\u017ed\u00fd projekt vytv\u00e1\u0159\u00edm na m\u00edru po\u017eadavk\u016fm jednotliv\u00fdch investor\u016f, nen\u00ed mo\u017en\u00e9 uv\u00e9st <strong>cen\u00edk<\/strong> za jednotliv\u00e9 typy projekt\u016f. Proto m\u011b nev\u00e1hejte kontaktovat, vypracuji V\u00e1m <strong>cenovou nab\u00eddku<\/strong> za projek\u010dn\u00ed pr\u00e1ce <strong>dle Va\u0161ich po\u017eadavk\u016f<\/strong>.<\/p>\n","protected":false},"excerpt":{"rendered":"<p>Prov\u00e1d\u00ed\u00adm ve\u0161kerou projek\u010dn\u00ed\u00ad a in\u017een\u00fdrskou \u010dinnost. Zab\u00fdv\u00e1m se tvorbou projektov\u00fdch dokumentac\u00ed pro novostavby a stavebn\u00ed \u00fapravy rodinn\u00fdch a bytov\u00fdch dom\u016f, v\u00fdrobn\u00edch a skladovac\u00edch hal, bytov\u00fdch jader a to ve v\u0161ech &#8230;<\/p>\n","protected":false},"author":1,"featured_media":0,"parent":0,"menu_order":1,"comment_status":"closed","ping_status":"closed","template":"","meta":{"footnotes":""},"class_list":["post-11","page","type-page","status-publish","hentry"],"_links":{"self":[{"href":"https:\/\/www.kolar-projekt.cz\/index.php?rest_route=\/wp\/v2\/pages\/11","targetHints":{"allow":["GET"]}}],"collection":[{"href":"https:\/\/www.kolar-projekt.cz\/index.php?rest_route=\/wp\/v2\/pages"}],"about":[{"href":"https:\/\/www.kolar-projekt.cz\/index.php?rest_route=\/wp\/v2\/types\/page"}],"author":[{"embeddable":true,"href":"https:\/\/www.kolar-projekt.cz\/index.php?rest_route=\/wp\/v2\/users\/1"}],"replies":[{"embeddable":true,"href":"https:\/\/www.kolar-projekt.cz\/index.php?rest_route=%2Fwp%2Fv2%2Fcomments&post=11"}],"version-history":[{"count":10,"href":"https:\/\/www.kolar-projekt.cz\/index.php?rest_route=\/wp\/v2\/pages\/11\/revisions"}],"predecessor-version":[{"id":197,"href":"https:\/\/www.kolar-projekt.cz\/index.php?rest_route=\/wp\/v2\/pages\/11\/revisions\/197"}],"wp:attachment":[{"href":"https:\/\/www.kolar-projekt.cz\/index.php?rest_route=%2Fwp%2Fv2%2Fmedia&parent=11"}],"curies":[{"name":"wp","href":"https:\/\/api.w.org\/{rel}","templated":true}]}}